{"id":30925,"date":"2018-11-29T18:59:28","date_gmt":"2018-11-29T17:59:28","guid":{"rendered":"http:\/\/www.tantra.pl\/nasz-zespol\/"},"modified":"2023-03-30T17:12:50","modified_gmt":"2023-03-30T15:12:50","slug":"our-team","status":"publish","type":"page","link":"https:\/\/www.tantra.pl\/en\/our-team\/","title":{"rendered":"Our team"},"content":{"rendered":"<div class=\"small-12 columns no-padding\">\n<p style=\"text-align: justify;\">In english please&#8230;<\/p>\n<p>\u201ePrawda to kraina bez dr\u00f3g. Tym samym jeste\u015bmy niewolnikami my\u015bli i czasu. My\u015bl jest zawsze ograniczona i nigdy nie odpowiada ca\u0142kowicie rzeczywisto\u015bci, prowadzi wi\u0119c do cierpienia. \u015awiadomo\u015b\u0107 uczy odr\u00f3\u017cniania tego, co rzeczywi\u015bcie jest, od tego co na ten temat my\u015blimy i w konsekwencji do prawdziwej wewn\u0119trznej wolno\u015bci. Tylko \u015bwiadomo\u015b\u0107 i obserwacja pozwalaj\u0105 dostrzec iluzj\u0119.\u201d <em>Jiddu Krishnamurti<\/em><\/p>\n<p style=\"text-align: justify;\"><em><strong><a href=\"https:\/\/www.tantra.pl\/wp-content\/uploads\/2023\/03\/o-nas-bez-ramki-przyciete.jpg\"><img loading=\"lazy\" decoding=\"async\" class=\"wp-image-77703  alignleft\" src=\"https:\/\/www.tantra.pl\/wp-content\/uploads\/2023\/03\/o-nas-bez-ramki-przyciete-300x225.jpg\" alt=\"\" width=\"399\" height=\"299\" srcset=\"https:\/\/www.tantra.pl\/wp-content\/uploads\/2023\/03\/o-nas-bez-ramki-przyciete-300x225.jpg 300w, https:\/\/www.tantra.pl\/wp-content\/uploads\/2023\/03\/o-nas-bez-ramki-przyciete-1024x768.jpg 1024w, https:\/\/www.tantra.pl\/wp-content\/uploads\/2023\/03\/o-nas-bez-ramki-przyciete-768x576.jpg 768w, https:\/\/www.tantra.pl\/wp-content\/uploads\/2023\/03\/o-nas-bez-ramki-przyciete-600x450.jpg 600w, https:\/\/www.tantra.pl\/wp-content\/uploads\/2023\/03\/o-nas-bez-ramki-przyciete-1536x1152.jpg 1536w, https:\/\/www.tantra.pl\/wp-content\/uploads\/2023\/03\/o-nas-bez-ramki-przyciete-80x60.jpg 80w, https:\/\/www.tantra.pl\/wp-content\/uploads\/2023\/03\/o-nas-bez-ramki-przyciete-249x187.jpg 249w, https:\/\/www.tantra.pl\/wp-content\/uploads\/2023\/03\/o-nas-bez-ramki-przyciete.jpg 2000w\" sizes=\"auto, (max-width: 399px) 100vw, 399px\" \/><\/a> Podstawowy sk\u0142adnik w osi\u0105ganiu wolno\u015bci \u2013 \u00a0przeciwno\u015b\u0107 losu, kt\u00f3ra przynosi \u015bwiadomo\u015b\u0107.<\/strong><\/em><\/p>\n<p>\u201d Podr\u00f3\u017cnik zagubiony na pustyni zw\u0105tpi\u0142, \u017ce kiedy kolwiek znajdzie wod\u0119. Wspi\u0105\u0142 si\u0119 z trudem na jedno wzg\u00f3rze, potem nast\u0119pne i nast\u0119pne w nadziei dostrze\u017cenia gdzie\u015b strumienia. Bez powodzenia rozgl\u0105da\u0142 si\u0119 na wszystkie strony. Gdy s\u0142aniaj\u0105c si\u0119 szed\u0142 naprz\u00f3d, zaczepi\u0142 stop\u0105 o suchy krzak i przewr\u00f3ci\u0142 si\u0119 na ziemi\u0119. Le\u017ca\u0142 tam, nie maj\u0105c energii nawet, by si\u0119 podnie\u015b\u0107, nie maj\u0105c ch\u0119ci, by nadal si\u0119 zmaga\u0107, ani nadziei prze\u017cycia tej ci\u0119\u017ckiej pr\u00f3by.<\/p>\n<p>Gdy tak le\u017ca\u0142, bezradny i przybity, u\u015bwiadomi\u0142 sobie nagle cisz\u0119 pustyni. Dooko\u0142a kr\u00f3lowa\u0142 majestatyczny spok\u00f3j, niezak\u0142\u00f3cony przez najmniejszy d\u017awi\u0119k. M\u0119\u017cczyzna podni\u00f3s\u0142 nagle g\u0142ow\u0119. Us\u0142ysza\u0142 co\u015b. Co\u015b tak nik\u0142ego, \u017ce tylko najczulsze ucho i najg\u0142\u0119bsza cisza pozwala\u0142aby to uchwyci\u0107: d\u017awi\u0119k p\u0142yn\u0105cej wody.<\/p>\n<p>Podniesiony na duchu nadziej\u0105, jak\u0105 ten d\u017awi\u0119k w nim obudzi\u0142 powsta\u0142 i szed\u0142 dalej, a\u017c dotar\u0142 do strumienia ze \u015bwie\u017c\u0105, zimn\u0105 wod\u0105. <em>Anthony de Mello SJ<\/em><\/p>\n<p style=\"text-align: justify;\">Je\u015bli czujesz, \u017ce nadszed\u0142 czas aby dokona\u0107 zmian w Twoim \u017cyciu, zapraszamy Ci\u0119 do pracy w sferze cia\u0142a, serca i ducha. Zapraszamy Ci\u0119 do odkrywania siebie, do \u015bwiata poszukiwa\u0144, przemian i cudu odnalezienia.<\/p>\n<\/div>\n","protected":false},"excerpt":{"rendered":"<p>In english please&#8230; \u201ePrawda to kraina bez dr\u00f3g. Tym samym jeste\u015bmy niewolnikami my\u015bli i czasu. My\u015bl jest zawsze ograniczona i nigdy nie odpowiada ca\u0142kowicie rzeczywisto\u015bci, prowadzi wi\u0119c do cierpienia. \u015awiadomo\u015b\u0107 uczy odr\u00f3\u017cniania tego, co rzeczywi\u015bcie jest, od tego co na ten temat my\u015blimy i w konsekwencji do prawdziwej wewn\u0119trznej wolno\u015bci. Tylko \u015bwiadomo\u015b\u0107 i obserwacja pozwalaj\u0105 [&hellip;]<\/p>\n","protected":false},"author":24,"featured_media":66501,"parent":0,"menu_order":0,"comment_status":"closed","ping_status":"closed","template":"tpl-onas.php","meta":{"_acf_changed":false,"footnotes":""},"class_list":["post-30925","page","type-page","status-publish","has-post-thumbnail","hentry"],"acf":[],"yoast_head":"<!-- This site is optimized with the Yoast SEO plugin v24.3 - https:\/\/yoast.com\/wordpress\/plugins\/seo\/ -->\n<title>Our team - Tantra.pl<\/title>\n<meta name=\"robots\" content=\"index, follow, max-snippet:-1, max-image-preview:large, max-video-preview:-1\" \/>\n<meta property=\"og:locale\" content=\"en_US\" \/>\n<meta property=\"og:type\" content=\"article\" \/>\n<meta property=\"og:title\" content=\"Our team - Tantra.pl\" \/>\n<meta property=\"og:description\" content=\"In english please&#8230; \u201ePrawda to kraina bez dr\u00f3g. Tym samym jeste\u015bmy niewolnikami my\u015bli i czasu. My\u015bl jest zawsze ograniczona i nigdy nie odpowiada ca\u0142kowicie rzeczywisto\u015bci, prowadzi wi\u0119c do cierpienia. \u015awiadomo\u015b\u0107 uczy odr\u00f3\u017cniania tego, co rzeczywi\u015bcie jest, od tego co na ten temat my\u015blimy i w konsekwencji do prawdziwej wewn\u0119trznej wolno\u015bci. Tylko \u015bwiadomo\u015b\u0107 i obserwacja pozwalaj\u0105 [&hellip;]\" \/>\n<meta property=\"og:url\" content=\"https:\/\/www.tantra.pl\/en\/our-team\/\" \/>\n<meta property=\"og:site_name\" content=\"Tantra.pl\" \/>\n<meta property=\"article:publisher\" content=\"https:\/\/www.facebook.com\/TantraSerca\/\" \/>\n<meta property=\"article:modified_time\" content=\"2023-03-30T15:12:50+00:00\" \/>\n<meta property=\"og:image\" content=\"https:\/\/www.tantra.pl\/wp-content\/uploads\/2023\/03\/o-nas-bez-ramki-przyciete.jpg\" \/>\n\t<meta property=\"og:image:width\" content=\"2000\" \/>\n\t<meta property=\"og:image:height\" content=\"1500\" \/>\n\t<meta property=\"og:image:type\" content=\"image\/jpeg\" \/>\n<meta name=\"twitter:card\" content=\"summary_large_image\" \/>\n<meta name=\"twitter:label1\" content=\"Est. reading time\" \/>\n\t<meta name=\"twitter:data1\" content=\"2 minutes\" \/>\n<script type=\"application\/ld+json\" class=\"yoast-schema-graph\">{\"@context\":\"https:\/\/schema.org\",\"@graph\":[{\"@type\":\"WebPage\",\"@id\":\"https:\/\/www.tantra.pl\/en\/our-team\/\",\"url\":\"https:\/\/www.tantra.pl\/en\/our-team\/\",\"name\":\"Our team - Tantra.pl\",\"isPartOf\":{\"@id\":\"https:\/\/www.tantra.pl\/#website\"},\"primaryImageOfPage\":{\"@id\":\"https:\/\/www.tantra.pl\/en\/our-team\/#primaryimage\"},\"image\":{\"@id\":\"https:\/\/www.tantra.pl\/en\/our-team\/#primaryimage\"},\"thumbnailUrl\":\"https:\/\/www.tantra.pl\/wp-content\/uploads\/2016\/02\/mandala-na-lipie.jpg\",\"datePublished\":\"2018-11-29T17:59:28+00:00\",\"dateModified\":\"2023-03-30T15:12:50+00:00\",\"breadcrumb\":{\"@id\":\"https:\/\/www.tantra.pl\/en\/our-team\/#breadcrumb\"},\"inLanguage\":\"en-US\",\"potentialAction\":[{\"@type\":\"ReadAction\",\"target\":[\"https:\/\/www.tantra.pl\/en\/our-team\/\"]}]},{\"@type\":\"ImageObject\",\"inLanguage\":\"en-US\",\"@id\":\"https:\/\/www.tantra.pl\/en\/our-team\/#primaryimage\",\"url\":\"https:\/\/www.tantra.pl\/wp-content\/uploads\/2016\/02\/mandala-na-lipie.jpg\",\"contentUrl\":\"https:\/\/www.tantra.pl\/wp-content\/uploads\/2016\/02\/mandala-na-lipie.jpg\",\"width\":2048,\"height\":1124},{\"@type\":\"BreadcrumbList\",\"@id\":\"https:\/\/www.tantra.pl\/en\/our-team\/#breadcrumb\",\"itemListElement\":[{\"@type\":\"ListItem\",\"position\":1,\"name\":\"Strona g\u0142\u00f3wna\",\"item\":\"https:\/\/www.tantra.pl\/en\/\"},{\"@type\":\"ListItem\",\"position\":2,\"name\":\"Our team\"}]},{\"@type\":\"WebSite\",\"@id\":\"https:\/\/www.tantra.pl\/#website\",\"url\":\"https:\/\/www.tantra.pl\/\",\"name\":\"Tantra.pl\",\"description\":\"Tantra pochodzi z sanskrytu i oznacza \u201etka\u0107\u201d . To te\u017c sztuka \u015bwiadomego kochania. Zobacz wi\u0119cej o szamanizmie, psychoterapii, masa\u017cach i warsztatach.\",\"potentialAction\":[{\"@type\":\"SearchAction\",\"target\":{\"@type\":\"EntryPoint\",\"urlTemplate\":\"https:\/\/www.tantra.pl\/?s={search_term_string}\"},\"query-input\":{\"@type\":\"PropertyValueSpecification\",\"valueRequired\":true,\"valueName\":\"search_term_string\"}}],\"inLanguage\":\"en-US\"}]}<\/script>\n<!-- \/ Yoast SEO plugin. -->","yoast_head_json":{"title":"Our team - Tantra.pl","robots":{"index":"index","follow":"follow","max-snippet":"max-snippet:-1","max-image-preview":"max-image-preview:large","max-video-preview":"max-video-preview:-1"},"og_locale":"en_US","og_type":"article","og_title":"Our team - Tantra.pl","og_description":"In english please&#8230; \u201ePrawda to kraina bez dr\u00f3g. Tym samym jeste\u015bmy niewolnikami my\u015bli i czasu. My\u015bl jest zawsze ograniczona i nigdy nie odpowiada ca\u0142kowicie rzeczywisto\u015bci, prowadzi wi\u0119c do cierpienia. \u015awiadomo\u015b\u0107 uczy odr\u00f3\u017cniania tego, co rzeczywi\u015bcie jest, od tego co na ten temat my\u015blimy i w konsekwencji do prawdziwej wewn\u0119trznej wolno\u015bci. Tylko \u015bwiadomo\u015b\u0107 i obserwacja pozwalaj\u0105 [&hellip;]","og_url":"https:\/\/www.tantra.pl\/en\/our-team\/","og_site_name":"Tantra.pl","article_publisher":"https:\/\/www.facebook.com\/TantraSerca\/","article_modified_time":"2023-03-30T15:12:50+00:00","og_image":[{"width":2000,"height":1500,"url":"https:\/\/www.tantra.pl\/wp-content\/uploads\/2023\/03\/o-nas-bez-ramki-przyciete.jpg","type":"image\/jpeg"}],"twitter_card":"summary_large_image","twitter_misc":{"Est. reading time":"2 minutes"},"schema":{"@context":"https:\/\/schema.org","@graph":[{"@type":"WebPage","@id":"https:\/\/www.tantra.pl\/en\/our-team\/","url":"https:\/\/www.tantra.pl\/en\/our-team\/","name":"Our team - Tantra.pl","isPartOf":{"@id":"https:\/\/www.tantra.pl\/#website"},"primaryImageOfPage":{"@id":"https:\/\/www.tantra.pl\/en\/our-team\/#primaryimage"},"image":{"@id":"https:\/\/www.tantra.pl\/en\/our-team\/#primaryimage"},"thumbnailUrl":"https:\/\/www.tantra.pl\/wp-content\/uploads\/2016\/02\/mandala-na-lipie.jpg","datePublished":"2018-11-29T17:59:28+00:00","dateModified":"2023-03-30T15:12:50+00:00","breadcrumb":{"@id":"https:\/\/www.tantra.pl\/en\/our-team\/#breadcrumb"},"inLanguage":"en-US","potentialAction":[{"@type":"ReadAction","target":["https:\/\/www.tantra.pl\/en\/our-team\/"]}]},{"@type":"ImageObject","inLanguage":"en-US","@id":"https:\/\/www.tantra.pl\/en\/our-team\/#primaryimage","url":"https:\/\/www.tantra.pl\/wp-content\/uploads\/2016\/02\/mandala-na-lipie.jpg","contentUrl":"https:\/\/www.tantra.pl\/wp-content\/uploads\/2016\/02\/mandala-na-lipie.jpg","width":2048,"height":1124},{"@type":"BreadcrumbList","@id":"https:\/\/www.tantra.pl\/en\/our-team\/#breadcrumb","itemListElement":[{"@type":"ListItem","position":1,"name":"Strona g\u0142\u00f3wna","item":"https:\/\/www.tantra.pl\/en\/"},{"@type":"ListItem","position":2,"name":"Our team"}]},{"@type":"WebSite","@id":"https:\/\/www.tantra.pl\/#website","url":"https:\/\/www.tantra.pl\/","name":"Tantra.pl","description":"Tantra pochodzi z sanskrytu i oznacza \u201etka\u0107\u201d . To te\u017c sztuka \u015bwiadomego kochania. Zobacz wi\u0119cej o szamanizmie, psychoterapii, masa\u017cach i warsztatach.","potentialAction":[{"@type":"SearchAction","target":{"@type":"EntryPoint","urlTemplate":"https:\/\/www.tantra.pl\/?s={search_term_string}"},"query-input":{"@type":"PropertyValueSpecification","valueRequired":true,"valueName":"search_term_string"}}],"inLanguage":"en-US"}]}},"_links":{"self":[{"href":"https:\/\/www.tantra.pl\/en\/wp-json\/wp\/v2\/pages\/30925","targetHints":{"allow":["GET"]}}],"collection":[{"href":"https:\/\/www.tantra.pl\/en\/wp-json\/wp\/v2\/pages"}],"about":[{"href":"https:\/\/www.tantra.pl\/en\/wp-json\/wp\/v2\/types\/page"}],"author":[{"embeddable":true,"href":"https:\/\/www.tantra.pl\/en\/wp-json\/wp\/v2\/users\/24"}],"replies":[{"embeddable":true,"href":"https:\/\/www.tantra.pl\/en\/wp-json\/wp\/v2\/comments?post=30925"}],"version-history":[{"count":3,"href":"https:\/\/www.tantra.pl\/en\/wp-json\/wp\/v2\/pages\/30925\/revisions"}],"predecessor-version":[{"id":77709,"href":"https:\/\/www.tantra.pl\/en\/wp-json\/wp\/v2\/pages\/30925\/revisions\/77709"}],"wp:featuredmedia":[{"embeddable":true,"href":"https:\/\/www.tantra.pl\/en\/wp-json\/wp\/v2\/media\/66501"}],"wp:attachment":[{"href":"https:\/\/www.tantra.pl\/en\/wp-json\/wp\/v2\/media?parent=30925"}],"curies":[{"name":"wp","href":"https:\/\/api.w.org\/{rel}","templated":true}]}}