{"id":15586,"date":"2016-10-22T18:39:43","date_gmt":"2016-10-22T16:39:43","guid":{"rendered":"http:\/\/www.tantra.pl\/wydarzenia-artystyczne\/"},"modified":"2017-06-27T16:10:18","modified_gmt":"2017-06-27T14:10:18","slug":"wydarzenia-artystyczne","status":"publish","type":"page","link":"https:\/\/www.tantra.pl\/en\/wydarzenia-artystyczne\/","title":{"rendered":"Artistic events"},"content":{"rendered":"<h3><em><a title=\"Todo Cambia, concert performance of Mercedes Sosa\u2019s songs, Julia Mikolajczak, Eva Rufo, Roman Rauhut, June 2017, Klub Strefa, Cracow\" href=\"http:\/\/www.tantra.pl\/en\/todo-cambia-koncert-w-formie-spektaklu-julia-mikolajczak-eva-rufo-roman-rauhut-klub-strefa-krakow-czerwiec-2017\/\">Todo Cambia, concert performance of Mercedes Sosa\u2019s songs, Julia Mikolajczak, Eva Rufo, Roman Rauhut, June 2017, Klub Strefa, Cracow<\/a><\/em><\/h3>\n<p><a href=\"http:\/\/www.tantra.pl\/en\/todo-cambia-koncert-w-formie-spektaklu-julia-mikolajczak-eva-rufo-roman-rauhut-klub-strefa-krakow-czerwiec-2017\/\"><img loading=\"lazy\" decoding=\"async\" class=\"alignnone\" src=\"http:\/\/www.tantra.pl\/wp-content\/uploads\/2017\/06\/todo-cambia-strefa-018.jpg\" alt=\"\" width=\"398\" height=\"266\" \/><\/a><\/p>\n<p><a href=\"http:\/\/www.tantra.pl\/en\/todo-cambia-koncert-w-formie-spektaklu-julia-mikolajczak-eva-rufo-roman-rauhut-klub-strefa-krakow-czerwiec-2017\/\"><em><strong>more photos&#8230;<\/strong><\/em><\/a><\/p>\n<h3><em><a title=\"Opening of the exhibition of photographs by Szymon Bujalski, June 2017, Cracow\" href=\"http:\/\/www.tantra.pl\/en\/drobiny-wrazliwosci-wernisaz-wystawy-fotografii-szymona-bujalskiego-klub-strefa-krakow-czerwiec-2017\/\">Opening of the exhibition of photographs by Szymon Bujalski, June 2017, Cracow<\/a><\/em><\/h3>\n<h3><a href=\"http:\/\/www.tantra.pl\/en\/drobiny-wrazliwosci-wernisaz-wystawy-fotografii-szymona-bujalskiego-klub-strefa-krakow-czerwiec-2017\/\"><img loading=\"lazy\" decoding=\"async\" class=\"alignnone\" src=\"http:\/\/www.tantra.pl\/wp-content\/uploads\/2017\/06\/wystawa-szymona-strefa.jpg\" alt=\"\" width=\"402\" height=\"268\" \/><\/a><\/h3>\n<p><a href=\"http:\/\/www.tantra.pl\/en\/drobiny-wrazliwosci-wernisaz-wystawy-fotografii-szymona-bujalskiego-klub-strefa-krakow-czerwiec-2017\/\"><strong><em>more photos&#8230;<\/em><\/strong><\/a><\/p>\n<h3><em><a title=\"Preparation and the concert for 50 years of Stronie Slaskie, June 2017\" href=\"http:\/\/www.tantra.pl\/en\/przygotowanie-i-wystep-z-okazji-50-lecia-otrzymania-praw-miejskich-stronie-slaskie-czerwiec-2017\/\">Preparation and the concert for 50 years of Stronie Slaskie, June 2017<\/a><\/em><\/h3>\n<p><a href=\"http:\/\/www.tantra.pl\/en\/przygotowanie-i-wystep-z-okazji-50-lecia-otrzymania-praw-miejskich-stronie-slaskie-czerwiec-2017\/\"><img loading=\"lazy\" decoding=\"async\" class=\"alignnone wp-image-18304\" src=\"http:\/\/www.tantra.pl\/wp-content\/uploads\/2017\/06\/50lecie-Stronia-wystep-23-300x200.jpg\" alt=\"\" width=\"392\" height=\"261\" srcset=\"https:\/\/www.tantra.pl\/wp-content\/uploads\/2017\/06\/50lecie-Stronia-wystep-23-300x200.jpg 300w, https:\/\/www.tantra.pl\/wp-content\/uploads\/2017\/06\/50lecie-Stronia-wystep-23-768x512.jpg 768w, https:\/\/www.tantra.pl\/wp-content\/uploads\/2017\/06\/50lecie-Stronia-wystep-23-600x400.jpg 600w, https:\/\/www.tantra.pl\/wp-content\/uploads\/2017\/06\/50lecie-Stronia-wystep-23-80x53.jpg 80w, https:\/\/www.tantra.pl\/wp-content\/uploads\/2017\/06\/50lecie-Stronia-wystep-23-280x187.jpg 280w, https:\/\/www.tantra.pl\/wp-content\/uploads\/2017\/06\/50lecie-Stronia-wystep-23.jpg 800w\" sizes=\"auto, (max-width: 392px) 100vw, 392px\" \/><\/a><strong><em><br \/>\n<a href=\"http:\/\/www.tantra.pl\/en\/przygotowanie-i-wystep-z-okazji-50-lecia-otrzymania-praw-miejskich-stronie-slaskie-czerwiec-2017\/\">more photos&#8230;<\/a><\/em><\/strong><\/p>\n<h3><span style=\"color: #000000;\"><em>Samba parade&amp;concert, Stronie Slaskie, July 2016<\/em><\/span><\/h3>\n<p><a href=\"http:\/\/www.tantra.pl\/en\/warsztat-samby-i-koncert-samby-w-stroniu-slaskim-lipiec-2016\/\"><img loading=\"lazy\" decoding=\"async\" class=\"alignnone wp-image-6699 size-medium\" src=\"http:\/\/www.tantra.pl\/wp-content\/uploads\/2016\/10\/15-300x211.jpg\" alt=\"Samba parade and concert\" width=\"300\" height=\"211\" srcset=\"https:\/\/www.tantra.pl\/wp-content\/uploads\/2016\/10\/15-300x211.jpg 300w, https:\/\/www.tantra.pl\/wp-content\/uploads\/2016\/10\/15-768x539.jpg 768w, https:\/\/www.tantra.pl\/wp-content\/uploads\/2016\/10\/15-1024x719.jpg 1024w, https:\/\/www.tantra.pl\/wp-content\/uploads\/2016\/10\/15-600x421.jpg 600w, https:\/\/www.tantra.pl\/wp-content\/uploads\/2016\/10\/15-80x56.jpg 80w, https:\/\/www.tantra.pl\/wp-content\/uploads\/2016\/10\/15-266x187.jpg 266w, https:\/\/www.tantra.pl\/wp-content\/uploads\/2016\/10\/15.jpg 1280w\" sizes=\"auto, (max-width: 300px) 100vw, 300px\" \/><\/a><a href=\"http:\/\/www.tantra.pl\/en\/warsztat-samby-i-koncert-samby-w-stroniu-slaskim-lipiec-2016\/\"><b><i>more pictures&#8230;<\/i><\/b><\/a><\/p>\n<h3><span style=\"color: #000000;\"><em>Julia Mikolajczak &#8211; concerts<\/em><\/span><\/h3>\n<p><a href=\"http:\/\/www.tantra.pl\/wydarzenia-artystyczne\/julia-mikolajczak\/\"><img loading=\"lazy\" decoding=\"async\" class=\"alignnone wp-image-7361\" src=\"http:\/\/www.tantra.pl\/wp-content\/uploads\/2016\/10\/taniec-muzyka-g\u0142os-300x300.jpg\" alt=\"Koncerty Julii Miko\u0142ajczak\" width=\"258\" height=\"258\" srcset=\"https:\/\/www.tantra.pl\/wp-content\/uploads\/2016\/10\/taniec-muzyka-g\u0142os-300x300.jpg 300w, https:\/\/www.tantra.pl\/wp-content\/uploads\/2016\/10\/taniec-muzyka-g\u0142os-150x150.jpg 150w, https:\/\/www.tantra.pl\/wp-content\/uploads\/2016\/10\/taniec-muzyka-g\u0142os.jpg 768w, https:\/\/www.tantra.pl\/wp-content\/uploads\/2016\/10\/taniec-muzyka-g\u0142os-600x600.jpg 600w, https:\/\/www.tantra.pl\/wp-content\/uploads\/2016\/10\/taniec-muzyka-g\u0142os-80x80.jpg 80w, https:\/\/www.tantra.pl\/wp-content\/uploads\/2016\/10\/taniec-muzyka-g\u0142os-187x187.jpg 187w\" sizes=\"auto, (max-width: 258px) 100vw, 258px\" \/><\/a><\/p>\n<p><strong><em><a href=\"http:\/\/www.tantra.pl\/wydarzenia-artystyczne\/julia-mikolajczak\/\">See<\/a>&#8230;<\/em><\/strong><\/p>\n<h3><em>Julii Mikolajczak &#8211; cabaret<\/em><\/h3>\n<p><a href=\"http:\/\/www.tantra.pl\/wydarzenia-artystyczne\/julia-mikolajczak-kabarety\/\"><img loading=\"lazy\" decoding=\"async\" class=\"alignnone wp-image-12830 size-medium\" src=\"http:\/\/www.tantra.pl\/wp-content\/uploads\/2016\/11\/prostytutka-300x225.jpg\" alt=\"prostytutka\" width=\"300\" height=\"225\" srcset=\"https:\/\/www.tantra.pl\/wp-content\/uploads\/2016\/11\/prostytutka-300x225.jpg 300w, https:\/\/www.tantra.pl\/wp-content\/uploads\/2016\/11\/prostytutka-200x150.jpg 200w, https:\/\/www.tantra.pl\/wp-content\/uploads\/2016\/11\/prostytutka.jpg 480w\" sizes=\"auto, (max-width: 300px) 100vw, 300px\" \/><\/a><\/p>\n<p><a href=\"http:\/\/www.tantra.pl\/wydarzenia-artystyczne\/julia-mikolajczak-kabarety\/\"><em><strong>See&#8230;<\/strong><\/em><\/a><\/p>\n<h3><span style=\"color: #000000;\"><em>Indian bonfire, Rancho Verona, May 2016<\/em><\/span><\/h3>\n<p><a href=\"http:\/\/www.tantra.pl\/indianskie-ognisko-rancho-verona-maj-2016\/\"><img loading=\"lazy\" decoding=\"async\" class=\"alignnone size-medium wp-image-6674\" src=\"http:\/\/www.tantra.pl\/wp-content\/uploads\/2016\/10\/IMG_6379-300x225.jpg\" alt=\"India\u0144skie ognisko\" width=\"300\" height=\"225\" srcset=\"https:\/\/www.tantra.pl\/wp-content\/uploads\/2016\/10\/IMG_6379-300x225.jpg 300w, https:\/\/www.tantra.pl\/wp-content\/uploads\/2016\/10\/IMG_6379-768x577.jpg 768w, https:\/\/www.tantra.pl\/wp-content\/uploads\/2016\/10\/IMG_6379-600x451.jpg 600w, https:\/\/www.tantra.pl\/wp-content\/uploads\/2016\/10\/IMG_6379-80x60.jpg 80w, https:\/\/www.tantra.pl\/wp-content\/uploads\/2016\/10\/IMG_6379-249x187.jpg 249w, https:\/\/www.tantra.pl\/wp-content\/uploads\/2016\/10\/IMG_6379.jpg 800w\" sizes=\"auto, (max-width: 300px) 100vw, 300px\" \/><\/a><strong><em><br \/>\n<a href=\"http:\/\/www.tantra.pl\/indianskie-ognisko-rancho-verona-maj-2016\/\">more photos&#8230;<\/a><\/em><\/strong><\/p>\n<div class=\"medium-12 large-8 large-offset-1 columns page-content\">\n<div class=\"small-12 columns no-padding\">\n<h3><span style=\"color: #000000;\"><em>Tantric marriage Marta &amp; Rafa\u0142, India, February 2016<\/em><\/span><\/h3>\n<\/div>\n<\/div>\n<p><a href=\"http:\/\/www.tantra.pl\/tantryczne-zaslubiny-marta-rafal-indie-2016\/\"><img loading=\"lazy\" decoding=\"async\" class=\"alignnone wp-image-7227 size-medium\" src=\"http:\/\/www.tantra.pl\/wp-content\/uploads\/2015\/10\/Tantra-1-300x188.jpg\" alt=\"Tantra Serca\" width=\"300\" height=\"188\" srcset=\"https:\/\/www.tantra.pl\/wp-content\/uploads\/2015\/10\/Tantra-1-300x188.jpg 300w, https:\/\/www.tantra.pl\/wp-content\/uploads\/2015\/10\/Tantra-1-768x480.jpg 768w, https:\/\/www.tantra.pl\/wp-content\/uploads\/2015\/10\/Tantra-1-600x375.jpg 600w, https:\/\/www.tantra.pl\/wp-content\/uploads\/2015\/10\/Tantra-1-80x50.jpg 80w, https:\/\/www.tantra.pl\/wp-content\/uploads\/2015\/10\/Tantra-1-280x175.jpg 280w, https:\/\/www.tantra.pl\/wp-content\/uploads\/2015\/10\/Tantra-1.jpg 960w\" sizes=\"auto, (max-width: 300px) 100vw, 300px\" \/><br \/>\n<\/a><em><a href=\"http:\/\/www.tantra.pl\/tantryczne-zaslubiny-marta-rafal-indie-2016\/\">more photos&#8230;<\/a><\/em><\/p>\n","protected":false},"excerpt":{"rendered":"<p>Todo Cambia, concert performance of Mercedes Sosa\u2019s songs, Julia Mikolajczak, Eva Rufo, Roman Rauhut, June 2017, Klub Strefa, Cracow more photos&#8230; Opening of the exhibition of photographs by Szymon Bujalski, June 2017, Cracow more photos&#8230; Preparation and the concert for 50 years of Stronie Slaskie, June 2017 more photos&#8230; Samba parade&amp;concert, Stronie Slaskie, July 2016 [&hellip;]<\/p>\n","protected":false},"author":1,"featured_media":35767,"parent":0,"menu_order":0,"comment_status":"closed","ping_status":"closed","template":"page-tlo-pomaranczowe.php","meta":{"_acf_changed":false,"footnotes":""},"class_list":["post-15586","page","type-page","status-publish","has-post-thumbnail","hentry"],"acf":[],"yoast_head":"<!-- This site is optimized with the Yoast SEO plugin v24.3 - https:\/\/yoast.com\/wordpress\/plugins\/seo\/ -->\n<title>Artistic events - Tantra.pl<\/title>\n<meta name=\"robots\" content=\"index, follow, max-snippet:-1, max-image-preview:large, max-video-preview:-1\" \/>\n<meta property=\"og:locale\" content=\"en_US\" \/>\n<meta property=\"og:type\" content=\"article\" \/>\n<meta property=\"og:title\" content=\"Artistic events - Tantra.pl\" \/>\n<meta property=\"og:description\" content=\"Todo Cambia, concert performance of Mercedes Sosa\u2019s songs, Julia Mikolajczak, Eva Rufo, Roman Rauhut, June 2017, Klub Strefa, Cracow more photos&#8230; Opening of the exhibition of photographs by Szymon Bujalski, June 2017, Cracow more photos&#8230; Preparation and the concert for 50 years of Stronie Slaskie, June 2017 more photos&#8230; Samba parade&amp;concert, Stronie Slaskie, July 2016 [&hellip;]\" \/>\n<meta property=\"og:url\" content=\"https:\/\/www.tantra.pl\/en\/wydarzenia-artystyczne\/\" \/>\n<meta property=\"og:site_name\" content=\"Tantra.pl\" \/>\n<meta property=\"article:publisher\" content=\"https:\/\/www.facebook.com\/TantraSerca\/\" \/>\n<meta property=\"article:modified_time\" content=\"2017-06-27T14:10:18+00:00\" \/>\n<meta property=\"og:image\" content=\"http:\/\/www.tantra.pl\/wp-content\/uploads\/2017\/06\/todo-cambia-strefa-018.jpg\" \/>\n<meta name=\"twitter:card\" content=\"summary_large_image\" \/>\n<script type=\"application\/ld+json\" class=\"yoast-schema-graph\">{\"@context\":\"https:\/\/schema.org\",\"@graph\":[{\"@type\":\"WebPage\",\"@id\":\"https:\/\/www.tantra.pl\/en\/wydarzenia-artystyczne\/\",\"url\":\"https:\/\/www.tantra.pl\/en\/wydarzenia-artystyczne\/\",\"name\":\"Artistic events - Tantra.pl\",\"isPartOf\":{\"@id\":\"https:\/\/www.tantra.pl\/#website\"},\"primaryImageOfPage\":{\"@id\":\"https:\/\/www.tantra.pl\/en\/wydarzenia-artystyczne\/#primaryimage\"},\"image\":{\"@id\":\"https:\/\/www.tantra.pl\/en\/wydarzenia-artystyczne\/#primaryimage\"},\"thumbnailUrl\":\"https:\/\/www.tantra.pl\/wp-content\/uploads\/2019\/06\/todo-cambia-czerwiec-2019-024.jpg\",\"datePublished\":\"2016-10-22T16:39:43+00:00\",\"dateModified\":\"2017-06-27T14:10:18+00:00\",\"breadcrumb\":{\"@id\":\"https:\/\/www.tantra.pl\/en\/wydarzenia-artystyczne\/#breadcrumb\"},\"inLanguage\":\"en-US\",\"potentialAction\":[{\"@type\":\"ReadAction\",\"target\":[\"https:\/\/www.tantra.pl\/en\/wydarzenia-artystyczne\/\"]}]},{\"@type\":\"ImageObject\",\"inLanguage\":\"en-US\",\"@id\":\"https:\/\/www.tantra.pl\/en\/wydarzenia-artystyczne\/#primaryimage\",\"url\":\"https:\/\/www.tantra.pl\/wp-content\/uploads\/2019\/06\/todo-cambia-czerwiec-2019-024.jpg\",\"contentUrl\":\"https:\/\/www.tantra.pl\/wp-content\/uploads\/2019\/06\/todo-cambia-czerwiec-2019-024.jpg\",\"width\":800,\"height\":600,\"caption\":\"OLYMPUS DIGITAL CAMERA\"},{\"@type\":\"BreadcrumbList\",\"@id\":\"https:\/\/www.tantra.pl\/en\/wydarzenia-artystyczne\/#breadcrumb\",\"itemListElement\":[{\"@type\":\"ListItem\",\"position\":1,\"name\":\"Strona g\u0142\u00f3wna\",\"item\":\"https:\/\/www.tantra.pl\/en\/\"},{\"@type\":\"ListItem\",\"position\":2,\"name\":\"Artistic events\"}]},{\"@type\":\"WebSite\",\"@id\":\"https:\/\/www.tantra.pl\/#website\",\"url\":\"https:\/\/www.tantra.pl\/\",\"name\":\"Tantra.pl\",\"description\":\"Tantra pochodzi z sanskrytu i oznacza \u201etka\u0107\u201d . To te\u017c sztuka \u015bwiadomego kochania. Zobacz wi\u0119cej o szamanizmie, psychoterapii, masa\u017cach i warsztatach.\",\"potentialAction\":[{\"@type\":\"SearchAction\",\"target\":{\"@type\":\"EntryPoint\",\"urlTemplate\":\"https:\/\/www.tantra.pl\/?s={search_term_string}\"},\"query-input\":{\"@type\":\"PropertyValueSpecification\",\"valueRequired\":true,\"valueName\":\"search_term_string\"}}],\"inLanguage\":\"en-US\"}]}<\/script>\n<!-- \/ Yoast SEO plugin. -->","yoast_head_json":{"title":"Artistic events - Tantra.pl","robots":{"index":"index","follow":"follow","max-snippet":"max-snippet:-1","max-image-preview":"max-image-preview:large","max-video-preview":"max-video-preview:-1"},"og_locale":"en_US","og_type":"article","og_title":"Artistic events - Tantra.pl","og_description":"Todo Cambia, concert performance of Mercedes Sosa\u2019s songs, Julia Mikolajczak, Eva Rufo, Roman Rauhut, June 2017, Klub Strefa, Cracow more photos&#8230; Opening of the exhibition of photographs by Szymon Bujalski, June 2017, Cracow more photos&#8230; Preparation and the concert for 50 years of Stronie Slaskie, June 2017 more photos&#8230; Samba parade&amp;concert, Stronie Slaskie, July 2016 [&hellip;]","og_url":"https:\/\/www.tantra.pl\/en\/wydarzenia-artystyczne\/","og_site_name":"Tantra.pl","article_publisher":"https:\/\/www.facebook.com\/TantraSerca\/","article_modified_time":"2017-06-27T14:10:18+00:00","og_image":[{"url":"http:\/\/www.tantra.pl\/wp-content\/uploads\/2017\/06\/todo-cambia-strefa-018.jpg","type":"","width":"","height":""}],"twitter_card":"summary_large_image","schema":{"@context":"https:\/\/schema.org","@graph":[{"@type":"WebPage","@id":"https:\/\/www.tantra.pl\/en\/wydarzenia-artystyczne\/","url":"https:\/\/www.tantra.pl\/en\/wydarzenia-artystyczne\/","name":"Artistic events - Tantra.pl","isPartOf":{"@id":"https:\/\/www.tantra.pl\/#website"},"primaryImageOfPage":{"@id":"https:\/\/www.tantra.pl\/en\/wydarzenia-artystyczne\/#primaryimage"},"image":{"@id":"https:\/\/www.tantra.pl\/en\/wydarzenia-artystyczne\/#primaryimage"},"thumbnailUrl":"https:\/\/www.tantra.pl\/wp-content\/uploads\/2019\/06\/todo-cambia-czerwiec-2019-024.jpg","datePublished":"2016-10-22T16:39:43+00:00","dateModified":"2017-06-27T14:10:18+00:00","breadcrumb":{"@id":"https:\/\/www.tantra.pl\/en\/wydarzenia-artystyczne\/#breadcrumb"},"inLanguage":"en-US","potentialAction":[{"@type":"ReadAction","target":["https:\/\/www.tantra.pl\/en\/wydarzenia-artystyczne\/"]}]},{"@type":"ImageObject","inLanguage":"en-US","@id":"https:\/\/www.tantra.pl\/en\/wydarzenia-artystyczne\/#primaryimage","url":"https:\/\/www.tantra.pl\/wp-content\/uploads\/2019\/06\/todo-cambia-czerwiec-2019-024.jpg","contentUrl":"https:\/\/www.tantra.pl\/wp-content\/uploads\/2019\/06\/todo-cambia-czerwiec-2019-024.jpg","width":800,"height":600,"caption":"OLYMPUS DIGITAL CAMERA"},{"@type":"BreadcrumbList","@id":"https:\/\/www.tantra.pl\/en\/wydarzenia-artystyczne\/#breadcrumb","itemListElement":[{"@type":"ListItem","position":1,"name":"Strona g\u0142\u00f3wna","item":"https:\/\/www.tantra.pl\/en\/"},{"@type":"ListItem","position":2,"name":"Artistic events"}]},{"@type":"WebSite","@id":"https:\/\/www.tantra.pl\/#website","url":"https:\/\/www.tantra.pl\/","name":"Tantra.pl","description":"Tantra pochodzi z sanskrytu i oznacza \u201etka\u0107\u201d . To te\u017c sztuka \u015bwiadomego kochania. Zobacz wi\u0119cej o szamanizmie, psychoterapii, masa\u017cach i warsztatach.","potentialAction":[{"@type":"SearchAction","target":{"@type":"EntryPoint","urlTemplate":"https:\/\/www.tantra.pl\/?s={search_term_string}"},"query-input":{"@type":"PropertyValueSpecification","valueRequired":true,"valueName":"search_term_string"}}],"inLanguage":"en-US"}]}},"_links":{"self":[{"href":"https:\/\/www.tantra.pl\/en\/wp-json\/wp\/v2\/pages\/15586","targetHints":{"allow":["GET"]}}],"collection":[{"href":"https:\/\/www.tantra.pl\/en\/wp-json\/wp\/v2\/pages"}],"about":[{"href":"https:\/\/www.tantra.pl\/en\/wp-json\/wp\/v2\/types\/page"}],"author":[{"embeddable":true,"href":"https:\/\/www.tantra.pl\/en\/wp-json\/wp\/v2\/users\/1"}],"replies":[{"embeddable":true,"href":"https:\/\/www.tantra.pl\/en\/wp-json\/wp\/v2\/comments?post=15586"}],"version-history":[{"count":8,"href":"https:\/\/www.tantra.pl\/en\/wp-json\/wp\/v2\/pages\/15586\/revisions"}],"predecessor-version":[{"id":18491,"href":"https:\/\/www.tantra.pl\/en\/wp-json\/wp\/v2\/pages\/15586\/revisions\/18491"}],"wp:featuredmedia":[{"embeddable":true,"href":"https:\/\/www.tantra.pl\/en\/wp-json\/wp\/v2\/media\/35767"}],"wp:attachment":[{"href":"https:\/\/www.tantra.pl\/en\/wp-json\/wp\/v2\/media?parent=15586"}],"curies":[{"name":"wp","href":"https:\/\/api.w.org\/{rel}","templated":true}]}}